{"id":4896,"date":"2016-11-28T17:21:05","date_gmt":"2016-11-28T17:21:05","guid":{"rendered":"http:\/\/argenta.colabr.io\/?page_id=4896"},"modified":"2017-06-26T13:20:17","modified_gmt":"2017-06-26T13:20:17","slug":"home","status":"publish","type":"page","link":"https:\/\/argenta.clbthemes.com\/demo_10\/","title":{"rendered":"Home"},"content":{"rendered":"[vc_row full_width=&#8221;stretch_row_content_no_spaces&#8221; full_height=&#8221;yes&#8221;][vc_column]<div class=\"gallery-wrap\" id=\"argenta-custom-6a04601f7fce5\" data-gallery=\"argenta-custom-6a04601f7fce4\">\n\n\t\t\t<div class=\"vc_col-md-4 gallery-image\" data-gallery-item=\"0\">\n\t\t<div class=\"wrap\">\n\t\t\t<img class=\"gimg\" src=\"https:\/\/argenta.clbthemes.com\/demo_10\/wp-content\/uploads\/2016\/11\/arg_demo10_gallery10-min.jpg\" alt=\"\">\n\t\t\t<div class=\"overlay\">\n\t\t\t\t<div class=\"icon-shape\">\n\t\t\t\t\t<img src=\"https:\/\/argenta.clbthemes.com\/demo_10\/wp-content\/themes\/argenta\/images\/arr-out.svg\" alt=\"\">\n\t\t\t\t<\/div>\n\t\t\t<\/div>\n\t\t\t<div class=\"gallery-description\">\n\t\t\t\t<p class=\"subtitle small\">\n\t\t\t\t\tInstant marinated salmon \/ wattle and whole grain mustard mayo \/ fris\u00e9 salad\t\t\t\t<\/p>\n\t\t\t\t<h3 class=\"title\">Salmon Riverland<\/h3>\n\t\t\t<\/div>\n\t\t<\/div>\n\t<\/div>\n\t\t\t<div class=\"vc_col-md-4 gallery-image\" data-gallery-item=\"1\">\n\t\t<div class=\"wrap\">\n\t\t\t<img class=\"gimg\" src=\"https:\/\/argenta.clbthemes.com\/demo_10\/wp-content\/uploads\/2016\/11\/arg_demo10_gallery9-min.jpg\" alt=\"\">\n\t\t\t<div class=\"overlay\">\n\t\t\t\t<div class=\"icon-shape\">\n\t\t\t\t\t<img src=\"https:\/\/argenta.clbthemes.com\/demo_10\/wp-content\/themes\/argenta\/images\/arr-out.svg\" alt=\"\">\n\t\t\t\t<\/div>\n\t\t\t<\/div>\n\t\t\t<div class=\"gallery-description\">\n\t\t\t\t<p class=\"subtitle small\">\n\t\t\t\t\tVoc\u00eas que est\u00e3o na fase dos preparativos e na fase de criar lindezas para o casamento, separamos algumas ideias incr\u00edveis, criativas e super.\t\t\t\t<\/p>\n\t\t\t\t<h3 class=\"title\">Ideias Criativas para o seu casamento<\/h3>\n\t\t\t<\/div>\n\t\t<\/div>\n\t<\/div>\n\t\t\t<div class=\"vc_col-md-4 gallery-image\" data-gallery-item=\"2\">\n\t\t<div class=\"wrap\">\n\t\t\t<img class=\"gimg\" src=\"https:\/\/argenta.clbthemes.com\/demo_10\/wp-content\/uploads\/2016\/11\/arg_demo10_gallery7-min.jpg\" alt=\"\">\n\t\t\t<div class=\"overlay\">\n\t\t\t\t<div class=\"icon-shape\">\n\t\t\t\t\t<img src=\"https:\/\/argenta.clbthemes.com\/demo_10\/wp-content\/themes\/argenta\/images\/arr-out.svg\" alt=\"\">\n\t\t\t\t<\/div>\n\t\t\t<\/div>\n\t\t\t<div class=\"gallery-description\">\n\t\t\t\t<p class=\"subtitle small\">\n\t\t\t\t\tAntoine Jean Baptiste Marie Roger de Saint-Exup\u00e9ry nacque a Lione in una vecchia famiglia di nobili.\t\t\t\t<\/p>\n\t\t\t\t<h3 class=\"title\">Frasi di Antoine de Saint-Exupery<\/h3>\n\t\t\t<\/div>\n\t\t<\/div>\n\t<\/div>\n\t\t\t<div class=\"vc_col-md-4 gallery-image\" data-gallery-item=\"3\">\n\t\t<div class=\"wrap\">\n\t\t\t<img class=\"gimg\" src=\"https:\/\/argenta.clbthemes.com\/demo_10\/wp-content\/uploads\/2016\/11\/arg_demo10_gallery6-min.jpg\" alt=\"\">\n\t\t\t<div class=\"overlay\">\n\t\t\t\t<div class=\"icon-shape\">\n\t\t\t\t\t<img src=\"https:\/\/argenta.clbthemes.com\/demo_10\/wp-content\/themes\/argenta\/images\/arr-out.svg\" alt=\"\">\n\t\t\t\t<\/div>\n\t\t\t<\/div>\n\t\t\t<div class=\"gallery-description\">\n\t\t\t\t<p class=\"subtitle small\">\n\t\t\t\t\tVous avez rendez-vous avec une rousse qui vous fait craquer.\t\t\t\t<\/p>\n\t\t\t\t<h3 class=\"title\">Conseils maquillage<\/h3>\n\t\t\t<\/div>\n\t\t<\/div>\n\t<\/div>\n\t\t\t<div class=\"vc_col-md-4 gallery-image\" data-gallery-item=\"4\">\n\t\t<div class=\"wrap\">\n\t\t\t<img class=\"gimg\" src=\"https:\/\/argenta.clbthemes.com\/demo_10\/wp-content\/uploads\/2016\/11\/arg_demo10_gallery1-min.jpg\" alt=\"\">\n\t\t\t<div class=\"overlay\">\n\t\t\t\t<div class=\"icon-shape\">\n\t\t\t\t\t<img src=\"https:\/\/argenta.clbthemes.com\/demo_10\/wp-content\/themes\/argenta\/images\/arr-out.svg\" alt=\"\">\n\t\t\t\t<\/div>\n\t\t\t<\/div>\n\t\t\t<div class=\"gallery-description\">\n\t\t\t\t<p class=\"subtitle small\">\n\t\t\t\t\tThe warehouse is a single room, with half an open space with several file cabinets and desks; the other half is a maze of metal containers stacked high.\t\t\t\t<\/p>\n\t\t\t\t<h3 class=\"title\">Abandoned Warehouse<\/h3>\n\t\t\t<\/div>\n\t\t<\/div>\n\t<\/div>\n\t\t\t<div class=\"vc_col-md-4 gallery-image\" data-gallery-item=\"5\">\n\t\t<div class=\"wrap\">\n\t\t\t<img class=\"gimg\" src=\"https:\/\/argenta.clbthemes.com\/demo_10\/wp-content\/uploads\/2016\/11\/arg_demo10_gallery2-min.jpg\" alt=\"\">\n\t\t\t<div class=\"overlay\">\n\t\t\t\t<div class=\"icon-shape\">\n\t\t\t\t\t<img src=\"https:\/\/argenta.clbthemes.com\/demo_10\/wp-content\/themes\/argenta\/images\/arr-out.svg\" alt=\"\">\n\t\t\t\t<\/div>\n\t\t\t<\/div>\n\t\t\t<div class=\"gallery-description\">\n\t\t\t\t<p class=\"subtitle small\">\n\t\t\t\t\tOne of many great free stock photos from Pexels. This photo is about elegant, attractive, pretty.\t\t\t\t<\/p>\n\t\t\t\t<h3 class=\"title\">Woman Wearing Black Off Shoulder Blouse<\/h3>\n\t\t\t<\/div>\n\t\t<\/div>\n\t<\/div>\n\t\t\t<div class=\"vc_col-md-4 gallery-image\" data-gallery-item=\"6\">\n\t\t<div class=\"wrap\">\n\t\t\t<img class=\"gimg\" src=\"https:\/\/argenta.clbthemes.com\/demo_10\/wp-content\/uploads\/2016\/11\/arg_demo10_gallery5-min.jpg\" alt=\"\">\n\t\t\t<div class=\"overlay\">\n\t\t\t\t<div class=\"icon-shape\">\n\t\t\t\t\t<img src=\"https:\/\/argenta.clbthemes.com\/demo_10\/wp-content\/themes\/argenta\/images\/arr-out.svg\" alt=\"\">\n\t\t\t\t<\/div>\n\t\t\t<\/div>\n\t\t\t<div class=\"gallery-description\">\n\t\t\t\t<p class=\"subtitle small\">\n\t\t\t\t\tThe interior of the museum of wooden architecture Vitoslavlitsy in Novgorod.\t\t\t\t<\/p>\n\t\t\t\t<h3 class=\"title\">Moroccan Landscape<\/h3>\n\t\t\t<\/div>\n\t\t<\/div>\n\t<\/div>\n\t\t\t<div class=\"vc_col-md-4 gallery-image\" data-gallery-item=\"7\">\n\t\t<div class=\"wrap\">\n\t\t\t<img class=\"gimg\" src=\"https:\/\/argenta.clbthemes.com\/demo_10\/wp-content\/uploads\/2016\/11\/arg_demo10_gallery4-min.jpg\" alt=\"\">\n\t\t\t<div class=\"overlay\">\n\t\t\t\t<div class=\"icon-shape\">\n\t\t\t\t\t<img src=\"https:\/\/argenta.clbthemes.com\/demo_10\/wp-content\/themes\/argenta\/images\/arr-out.svg\" alt=\"\">\n\t\t\t\t<\/div>\n\t\t\t<\/div>\n\t\t\t<div class=\"gallery-description\">\n\t\t\t\t<p class=\"subtitle small\">\n\t\t\t\t\tOne of many great free stock photos from Pexels. This photo is about device, talking, contact.\t\t\t\t<\/p>\n\t\t\t\t<h3 class=\"title\">Closeup portrait of young lady talking on mobile phone<\/h3>\n\t\t\t<\/div>\n\t\t<\/div>\n\t<\/div>\n\t\t\t<div class=\"vc_col-md-4 gallery-image\" data-gallery-item=\"8\">\n\t\t<div class=\"wrap\">\n\t\t\t<img class=\"gimg\" src=\"https:\/\/argenta.clbthemes.com\/demo_10\/wp-content\/uploads\/2016\/11\/arg_demo10_gallery3-min.jpg\" alt=\"\">\n\t\t\t<div class=\"overlay\">\n\t\t\t\t<div class=\"icon-shape\">\n\t\t\t\t\t<img src=\"https:\/\/argenta.clbthemes.com\/demo_10\/wp-content\/themes\/argenta\/images\/arr-out.svg\" alt=\"\">\n\t\t\t\t<\/div>\n\t\t\t<\/div>\n\t\t\t<div class=\"gallery-description\">\n\t\t\t\t<p class=\"subtitle small\">\n\t\t\t\t\tThe species that we supply is fresh, natural and original in taste and flavor and tested under standard regulation at vendors end.\t\t\t\t<\/p>\n\t\t\t\t<h3 class=\"title\">Organic Spices Wholesaler<\/h3>\n\t\t\t<\/div>\n\t\t<\/div>\n\t<\/div>\n\t\t\t<div class=\"vc_col-md-4 gallery-image\" data-gallery-item=\"9\">\n\t\t<div class=\"wrap\">\n\t\t\t<img class=\"gimg\" src=\"https:\/\/argenta.clbthemes.com\/demo_10\/wp-content\/uploads\/2016\/11\/arg_demo10_gallery12-min.jpg\" alt=\"\">\n\t\t\t<div class=\"overlay\">\n\t\t\t\t<div class=\"icon-shape\">\n\t\t\t\t\t<img src=\"https:\/\/argenta.clbthemes.com\/demo_10\/wp-content\/themes\/argenta\/images\/arr-out.svg\" alt=\"\">\n\t\t\t\t<\/div>\n\t\t\t<\/div>\n\t\t\t<div class=\"gallery-description\">\n\t\t\t\t<p class=\"subtitle small\">\n\t\t\t\t\tTodo mundo precisa de uma imagem casamento como esta.\t\t\t\t<\/p>\n\t\t\t\t<h3 class=\"title\">M\u00eas das noivas<\/h3>\n\t\t\t<\/div>\n\t\t<\/div>\n\t<\/div>\n\t\t\t<div class=\"vc_col-md-4 gallery-image\" data-gallery-item=\"10\">\n\t\t<div class=\"wrap\">\n\t\t\t<img class=\"gimg\" src=\"https:\/\/argenta.clbthemes.com\/demo_10\/wp-content\/uploads\/2016\/11\/arg_demo10_gallery8-min.jpg\" alt=\"\">\n\t\t\t<div class=\"overlay\">\n\t\t\t\t<div class=\"icon-shape\">\n\t\t\t\t\t<img src=\"https:\/\/argenta.clbthemes.com\/demo_10\/wp-content\/themes\/argenta\/images\/arr-out.svg\" alt=\"\">\n\t\t\t\t<\/div>\n\t\t\t<\/div>\n\t\t\t<div class=\"gallery-description\">\n\t\t\t\t<p class=\"subtitle small\">\n\t\t\t\t\tElite Dry Cleanering is known for the tender loving care we give to every customer's wardrobe. We come highly recommended by our regular customers.\t\t\t\t<\/p>\n\t\t\t\t<h3 class=\"title\">Elite Dry Cleaning<\/h3>\n\t\t\t<\/div>\n\t\t<\/div>\n\t<\/div>\n\t\t\t<div class=\"vc_col-md-4 gallery-image\" data-gallery-item=\"11\">\n\t\t<div class=\"wrap\">\n\t\t\t<img class=\"gimg\" src=\"https:\/\/argenta.clbthemes.com\/demo_10\/wp-content\/uploads\/2016\/11\/arg_demo10_gallery11-min.jpg\" alt=\"\">\n\t\t\t<div class=\"overlay\">\n\t\t\t\t<div class=\"icon-shape\">\n\t\t\t\t\t<img src=\"https:\/\/argenta.clbthemes.com\/demo_10\/wp-content\/themes\/argenta\/images\/arr-out.svg\" alt=\"\">\n\t\t\t\t<\/div>\n\t\t\t<\/div>\n\t\t\t<div class=\"gallery-description\">\n\t\t\t\t<p class=\"subtitle small\">\n\t\t\t\t\tAn incandescent light bulb, incandescent lamp or incandescent light globe is an electric light with a wire filament heated to such a high temperature.\t\t\t\t<\/p>\n\t\t\t\t<h3 class=\"title\">Incandescent lamp<\/h3>\n\t\t\t<\/div>\n\t\t<\/div>\n\t<\/div>\n\t\t\t<div class=\"clear\"><\/div>\n\n<\/div>\n\n<div class=\"gallery-custom\" id=\"argenta-custom-6a04601f7fce4\">\n\t<div class=\"close\">\n\t\t<span class=\"ion-ios-close-empty\"><\/span>\n\t<\/div>\n<\/div>\n\n[\/vc_column][\/vc_row]\n","protected":false},"excerpt":{"rendered":"<p>[vc_row full_width=&#8221;stretch_row_content_no_spaces&#8221; full_height=&#8221;yes&#8221;][vc_column][\/vc_column][\/vc_row]<\/p>\n","protected":false},"author":1,"featured_media":0,"parent":0,"menu_order":0,"comment_status":"closed","ping_status":"closed","template":"page-templates\/page_without-sidebar.php","meta":[],"_links":{"self":[{"href":"https:\/\/argenta.clbthemes.com\/demo_10\/wp-json\/wp\/v2\/pages\/4896"}],"collection":[{"href":"https:\/\/argenta.clbthemes.com\/demo_10\/wp-json\/wp\/v2\/pages"}],"about":[{"href":"https:\/\/argenta.clbthemes.com\/demo_10\/wp-json\/wp\/v2\/types\/page"}],"author":[{"embeddable":true,"href":"https:\/\/argenta.clbthemes.com\/demo_10\/wp-json\/wp\/v2\/users\/1"}],"replies":[{"embeddable":true,"href":"https:\/\/argenta.clbthemes.com\/demo_10\/wp-json\/wp\/v2\/comments?post=4896"}],"version-history":[{"count":40,"href":"https:\/\/argenta.clbthemes.com\/demo_10\/wp-json\/wp\/v2\/pages\/4896\/revisions"}],"predecessor-version":[{"id":5511,"href":"https:\/\/argenta.clbthemes.com\/demo_10\/wp-json\/wp\/v2\/pages\/4896\/revisions\/5511"}],"wp:attachment":[{"href":"https:\/\/argenta.clbthemes.com\/demo_10\/wp-json\/wp\/v2\/media?parent=4896"}],"curies":[{"name":"wp","href":"https:\/\/api.w.org\/{rel}","templated":true}]}}